{"id":5965,"date":"2018-05-28T11:43:24","date_gmt":"2018-05-28T09:43:24","guid":{"rendered":"https:\/\/cavagnolo.com\/finitions-accordeons\/"},"modified":"2020-05-20T12:00:57","modified_gmt":"2020-05-20T10:00:57","slug":"finish-color","status":"publish","type":"page","link":"https:\/\/cavagnolo.com\/en\/finish-color\/","title":{"rendered":"Finish"},"content":{"rendered":"","protected":false},"excerpt":{"rendered":"","protected":false},"author":1,"featured_media":0,"parent":0,"menu_order":0,"comment_status":"closed","ping_status":"closed","template":"views\/template-finition.blade.php","meta":{"inline_featured_image":false,"footnotes":""},"acf":[],"yoast_head":"<!-- This site is optimized with the Yoast SEO plugin v23.0 - https:\/\/yoast.com\/wordpress\/plugins\/seo\/ -->\n<title>Finish Color - Examples of presentations - Cavagnolo Accordions<\/title>\n<meta name=\"description\" content=\"Finish Color: Discover examples of models in different colors. All Cavagnolo models can have custom colors: Cases, buttons, bellows.\" \/>\n<meta name=\"robots\" content=\"index, follow, max-snippet:-1, max-image-preview:large, max-video-preview:-1\" \/>\n<link rel=\"canonical\" href=\"https:\/\/cavagnolo.com\/en\/finish-color\/\" \/>\n<meta property=\"og:locale\" content=\"en_US\" \/>\n<meta property=\"og:type\" content=\"article\" \/>\n<meta property=\"og:title\" content=\"Finish Color - Examples of presentations - Cavagnolo Accordions\" \/>\n<meta property=\"og:description\" content=\"Finish Color: Discover examples of models in different colors. All Cavagnolo models can have custom colors: Cases, buttons, bellows.\" \/>\n<meta property=\"og:url\" content=\"https:\/\/cavagnolo.com\/en\/finish-color\/\" \/>\n<meta property=\"og:site_name\" content=\"Accord\u00e9ons Cavagnolo\" \/>\n<meta property=\"article:modified_time\" content=\"2020-05-20T10:00:57+00:00\" \/>\n<meta name=\"twitter:card\" content=\"summary_large_image\" \/>\n<script type=\"application\/ld+json\" class=\"yoast-schema-graph\">{\"@context\":\"https:\/\/schema.org\",\"@graph\":[{\"@type\":\"WebPage\",\"@id\":\"https:\/\/cavagnolo.com\/en\/finish-color\/\",\"url\":\"https:\/\/cavagnolo.com\/en\/finish-color\/\",\"name\":\"Finish Color - Examples of presentations - Cavagnolo Accordions\",\"isPartOf\":{\"@id\":\"https:\/\/cavagnolo.com\/en\/#website\"},\"datePublished\":\"2018-05-28T09:43:24+00:00\",\"dateModified\":\"2020-05-20T10:00:57+00:00\",\"description\":\"Finish Color: Discover examples of models in different colors. All Cavagnolo models can have custom colors: Cases, buttons, bellows.\",\"breadcrumb\":{\"@id\":\"https:\/\/cavagnolo.com\/en\/finish-color\/#breadcrumb\"},\"inLanguage\":\"en-US\",\"potentialAction\":[{\"@type\":\"ReadAction\",\"target\":[\"https:\/\/cavagnolo.com\/en\/finish-color\/\"]}]},{\"@type\":\"BreadcrumbList\",\"@id\":\"https:\/\/cavagnolo.com\/en\/finish-color\/#breadcrumb\",\"itemListElement\":[{\"@type\":\"ListItem\",\"position\":1,\"name\":\"Home\",\"item\":\"https:\/\/cavagnolo.com\/en\/accordeons-cavagnolo-2\/\"},{\"@type\":\"ListItem\",\"position\":2,\"name\":\"Finish\"}]},{\"@type\":\"WebSite\",\"@id\":\"https:\/\/cavagnolo.com\/en\/#website\",\"url\":\"https:\/\/cavagnolo.com\/en\/\",\"name\":\"Accord\u00e9ons Cavagnolo\",\"description\":\"Accord\u00e9ons Acoustiques et Num\u00e9riques de qualit\u00e9\",\"publisher\":{\"@id\":\"https:\/\/cavagnolo.com\/en\/#organization\"},\"potentialAction\":[{\"@type\":\"SearchAction\",\"target\":{\"@type\":\"EntryPoint\",\"urlTemplate\":\"https:\/\/cavagnolo.com\/en\/?s={search_term_string}\"},\"query-input\":\"required name=search_term_string\"}],\"inLanguage\":\"en-US\"},{\"@type\":\"Organization\",\"@id\":\"https:\/\/cavagnolo.com\/en\/#organization\",\"name\":\"Cavagnolo\",\"url\":\"https:\/\/cavagnolo.com\/en\/\",\"logo\":{\"@type\":\"ImageObject\",\"inLanguage\":\"en-US\",\"@id\":\"https:\/\/cavagnolo.com\/en\/#\/schema\/logo\/image\/\",\"url\":\"https:\/\/cavagnolo.com\/app\/uploads\/2017\/08\/logo.png\",\"contentUrl\":\"https:\/\/cavagnolo.com\/app\/uploads\/2017\/08\/logo.png\",\"width\":432,\"height\":59,\"caption\":\"Cavagnolo\"},\"image\":{\"@id\":\"https:\/\/cavagnolo.com\/en\/#\/schema\/logo\/image\/\"}}]}<\/script>\n<!-- \/ Yoast SEO plugin. -->","yoast_head_json":{"title":"Finish Color - Examples of presentations - Cavagnolo Accordions","description":"Finish Color: Discover examples of models in different colors. All Cavagnolo models can have custom colors: Cases, buttons, bellows.","robots":{"index":"index","follow":"follow","max-snippet":"max-snippet:-1","max-image-preview":"max-image-preview:large","max-video-preview":"max-video-preview:-1"},"canonical":"https:\/\/cavagnolo.com\/en\/finish-color\/","og_locale":"en_US","og_type":"article","og_title":"Finish Color - Examples of presentations - Cavagnolo Accordions","og_description":"Finish Color: Discover examples of models in different colors. All Cavagnolo models can have custom colors: Cases, buttons, bellows.","og_url":"https:\/\/cavagnolo.com\/en\/finish-color\/","og_site_name":"Accord\u00e9ons Cavagnolo","article_modified_time":"2020-05-20T10:00:57+00:00","twitter_card":"summary_large_image","schema":{"@context":"https:\/\/schema.org","@graph":[{"@type":"WebPage","@id":"https:\/\/cavagnolo.com\/en\/finish-color\/","url":"https:\/\/cavagnolo.com\/en\/finish-color\/","name":"Finish Color - Examples of presentations - Cavagnolo Accordions","isPartOf":{"@id":"https:\/\/cavagnolo.com\/en\/#website"},"datePublished":"2018-05-28T09:43:24+00:00","dateModified":"2020-05-20T10:00:57+00:00","description":"Finish Color: Discover examples of models in different colors. All Cavagnolo models can have custom colors: Cases, buttons, bellows.","breadcrumb":{"@id":"https:\/\/cavagnolo.com\/en\/finish-color\/#breadcrumb"},"inLanguage":"en-US","potentialAction":[{"@type":"ReadAction","target":["https:\/\/cavagnolo.com\/en\/finish-color\/"]}]},{"@type":"BreadcrumbList","@id":"https:\/\/cavagnolo.com\/en\/finish-color\/#breadcrumb","itemListElement":[{"@type":"ListItem","position":1,"name":"Home","item":"https:\/\/cavagnolo.com\/en\/accordeons-cavagnolo-2\/"},{"@type":"ListItem","position":2,"name":"Finish"}]},{"@type":"WebSite","@id":"https:\/\/cavagnolo.com\/en\/#website","url":"https:\/\/cavagnolo.com\/en\/","name":"Accord\u00e9ons Cavagnolo","description":"Accord\u00e9ons Acoustiques et Num\u00e9riques de qualit\u00e9","publisher":{"@id":"https:\/\/cavagnolo.com\/en\/#organization"},"potentialAction":[{"@type":"SearchAction","target":{"@type":"EntryPoint","urlTemplate":"https:\/\/cavagnolo.com\/en\/?s={search_term_string}"},"query-input":"required name=search_term_string"}],"inLanguage":"en-US"},{"@type":"Organization","@id":"https:\/\/cavagnolo.com\/en\/#organization","name":"Cavagnolo","url":"https:\/\/cavagnolo.com\/en\/","logo":{"@type":"ImageObject","inLanguage":"en-US","@id":"https:\/\/cavagnolo.com\/en\/#\/schema\/logo\/image\/","url":"https:\/\/cavagnolo.com\/app\/uploads\/2017\/08\/logo.png","contentUrl":"https:\/\/cavagnolo.com\/app\/uploads\/2017\/08\/logo.png","width":432,"height":59,"caption":"Cavagnolo"},"image":{"@id":"https:\/\/cavagnolo.com\/en\/#\/schema\/logo\/image\/"}}]}},"_links":{"self":[{"href":"https:\/\/cavagnolo.com\/en\/wp-json\/wp\/v2\/pages\/5965"}],"collection":[{"href":"https:\/\/cavagnolo.com\/en\/wp-json\/wp\/v2\/pages"}],"about":[{"href":"https:\/\/cavagnolo.com\/en\/wp-json\/wp\/v2\/types\/page"}],"author":[{"embeddable":true,"href":"https:\/\/cavagnolo.com\/en\/wp-json\/wp\/v2\/users\/1"}],"replies":[{"embeddable":true,"href":"https:\/\/cavagnolo.com\/en\/wp-json\/wp\/v2\/comments?post=5965"}],"version-history":[{"count":0,"href":"https:\/\/cavagnolo.com\/en\/wp-json\/wp\/v2\/pages\/5965\/revisions"}],"wp:attachment":[{"href":"https:\/\/cavagnolo.com\/en\/wp-json\/wp\/v2\/media?parent=5965"}],"curies":[{"name":"wp","href":"https:\/\/api.w.org\/{rel}","templated":true}]}}