{"id":5976,"date":"2017-08-24T21:14:03","date_gmt":"2017-08-24T19:14:03","guid":{"rendered":"https:\/\/cavagnolo.com\/accordeons-cavagnolo\/"},"modified":"2024-12-28T11:10:18","modified_gmt":"2024-12-28T10:10:18","slug":"accordeons-cavagnolo-2","status":"publish","type":"page","link":"https:\/\/cavagnolo.com\/en\/","title":{"rendered":"Cavagnolo accordions"},"content":{"rendered":"<p>[vc_row full_width=&#8221;stretch_row_content&#8221;][vc_column][vc_row_inner][vc_column_inner width=&#8221;1\/4&#8243;][vc_column_text][\/vc_column_text][\/vc_column_inner][vc_column_inner width=&#8221;1\/2&#8243;][vc_column_text]<\/p>\n<h4 style=\"text-align: center;\"><span style=\"color: #ff0000;\"><strong>Do you need help finding the right model for you?<br \/>\nHave you questions about our digital products?<\/strong><\/span><br \/>\n<strong>Contact us by mail on : cavagnolo@cava-france.fr or<br \/>\nuse our live chat. Support speaks English.<\/strong><\/h4>\n<p style=\"text-align: center;\"><strong>Shipping all over the world is possible.<\/strong><\/p>\n<p>[\/vc_column_text][\/vc_column_inner][vc_column_inner width=&#8221;1\/4&#8243;][\/vc_column_inner][\/vc_row_inner][\/vc_column][\/vc_row][vc_row full_width=&#8221;stretch_row_content&#8221; css=&#8221;.vc_custom_1585239509926{background-color: #000000 !important;}&#8221;][vc_column][vc_column_text css_animation=&#8221;slideInRight&#8221;]<\/p>\n<figure id=\"attachment_18446\" aria-describedby=\"caption-attachment-18446\" style=\"width: 2048px\" class=\"wp-caption aligncenter\"><a href=\"https:\/\/cavagnolo.com\/en\/accordeon\/zenith-one\/\"><img loading=\"lazy\" decoding=\"async\" class=\"img-fluid wp-image-18446 size-full\" src=\"https:\/\/cavagnolo.com\/app\/uploads\/2024\/12\/Banniere-Zenith-One-US.jpg\" alt=\"Arranger Module Cavagnolo Zenith One\" width=\"2048\" height=\"746\" srcset=\"https:\/\/cavagnolo.com\/app\/uploads\/2024\/12\/Banniere-Zenith-One-US.jpg 2048w, https:\/\/cavagnolo.com\/app\/uploads\/2024\/12\/Banniere-Zenith-One-US-300x109.jpg 300w, https:\/\/cavagnolo.com\/app\/uploads\/2024\/12\/Banniere-Zenith-One-US-1024x373.jpg 1024w, https:\/\/cavagnolo.com\/app\/uploads\/2024\/12\/Banniere-Zenith-One-US-768x280.jpg 768w, https:\/\/cavagnolo.com\/app\/uploads\/2024\/12\/Banniere-Zenith-One-US-1536x560.jpg 1536w, https:\/\/cavagnolo.com\/app\/uploads\/2024\/12\/Banniere-Zenith-One-US-350x127.jpg 350w, https:\/\/cavagnolo.com\/app\/uploads\/2024\/12\/Banniere-Zenith-One-US-80x29.jpg 80w, https:\/\/cavagnolo.com\/app\/uploads\/2024\/12\/Banniere-Zenith-One-US-250x91.jpg 250w, https:\/\/cavagnolo.com\/app\/uploads\/2024\/12\/Banniere-Zenith-One-US-600x219.jpg 600w\" sizes=\"(max-width: 2048px) 100vw, 2048px\" \/><\/a><figcaption id=\"caption-attachment-18446\" class=\"wp-caption-text\">Arranger Module Cavagnolo Zenith One<\/figcaption><\/figure>\n<p>[\/vc_column_text][\/vc_column][\/vc_row][vc_row full_width=&#8221;stretch_row_content&#8221; css=&#8221;.vc_custom_1585239736614{background-color: #fbf7f7 !important;}&#8221;][vc_column][vc_column_text css_animation=&#8221;slideInLeft&#8221;]<a href=\"https:\/\/cavagnolo.com\/accordeon\/digit-air-serie\/\"><img loading=\"lazy\" decoding=\"async\" class=\"img-fluid aligncenter wp-image-6012 size-full\" src=\"\/app\/uploads\/2020\/05\/Digit-AiR-blanc-EN-1.jpg\" alt=\"Digit AiR, numeric, Digital accordion\" width=\"2048\" height=\"746\" \/><\/a>[\/vc_column_text][\/vc_column][\/vc_row][vc_row full_width=&#8221;stretch_row_content&#8221;][vc_column][vc_row_inner css=&#8221;.vc_custom_1585247372309{background-color: #22252a !important;}&#8221;][vc_column_inner][vc_column_text]<\/p>\n<h2 style=\"text-align: center;\"><span style=\"color: #ffffff;\"><strong>We&#8217;re delighted to welcome you to our new Cavagnolo Accordions website<\/strong><\/span><\/h2>\n<h2 style=\"text-align: center;\"><span style=\"color: #ffffff;\">Cavagnolo : A balance of tradition and innovation!<\/span><\/h2>\n<p>[\/vc_column_text][\/vc_column_inner][\/vc_row_inner][vc_row_inner css=&#8221;.vc_custom_1585299873148{margin-bottom: 0px !important;padding-bottom: 0px !important;background-color: #22252a !important;}&#8221;][vc_column_inner width=&#8221;1\/2&#8243;][vc_column_text css=&#8221;.vc_custom_1588952659895{padding-top: 20px !important;padding-right: 20px !important;padding-bottom: 0px !important;padding-left: 30px !important;background-color: #ffffff !important;}&#8221;]<\/p>\n<h3><\/h3>\n<h3 style=\"text-align: center;\"><strong>Cavagnolo accordions : A tradition since 1904!<\/strong><\/h3>\n<p>&nbsp;<\/p>\n<p>&nbsp;<\/p>\n<p style=\"text-align: center;\"><span style=\"font-weight: 400;\">Our Made in France brand is of the highest quality. Indeed, for over 100 years the Cavagnolo brand has dazzled not only across France but throughout the world.<\/span><\/p>\n<p style=\"text-align: center;\"><span style=\"font-weight: 400;\">Now more than ever, our French, artisanal know-how is still devoted to the values it was founded upon:<\/span><\/p>\n<ul style=\"text-align: center;\">\n<li><strong>Rigour,<\/strong><\/li>\n<li><strong>Precision,<\/strong><\/li>\n<li><strong>Quality,<\/strong><\/li>\n<li><strong>Reliability,<\/strong><\/li>\n<li><strong>Innovation.<\/strong><\/li>\n<\/ul>\n<p style=\"text-align: center;\">Our ultimate aim : <b>The search for the perfect sound.<\/b><\/p>\n<p style=\"text-align: center;\"><span style=\"font-weight: 400;\">Our experience enables our production unit to cater for all types of musician\u2019s requirements and needs. As a result, we have a wide variety of instruments available.<\/span><\/p>\n<p style=\"text-align: center;\"><span style=\"font-weight: 400;\">Our \u2018raison d\u2019\u00eatre\u2019 is to satisfy your requirements, from the personalisation of your instrument, to allowing you to express your musical emotions and live out your passion. This is what drives us and makes us stronger.<\/span><\/p>\n<p style=\"text-align: center;\"><span style=\"font-weight: 400;\">Our range of accordions is designed based on traditional models. Our core values, more relevant now than ever, run through their construction, and they are digitally enriched thanks to our technical department with Digit AiR.<\/span><\/p>\n<p style=\"text-align: center;\"><span style=\"font-weight: 400;\">And we\u2019ve redoubled our efforts to bring you our Cavagnolo-made arranger: AiR Symphony.<\/span><\/p>\n<p style=\"text-align: center;\"><span style=\"font-weight: 400;\">You\u2019ll find all of our acoustic and digital accordions on our website.<br \/>\n<\/span><span style=\"font-weight: 400;\">Let yourself be guided by tradition and innovation!<\/span><\/p>\n<p style=\"text-align: center;\"><span style=\"font-weight: 400;\">Musically,<\/span><span style=\"font-weight: 400;\"><br \/>\n<\/span><span style=\"font-weight: 400;\">Matthieu CHAUSSALET<\/span><span style=\"font-weight: 400;\"><br \/>\n<\/span><span style=\"font-weight: 400;\">Thierry DUCHENE<\/span><\/p>\n<p>[\/vc_column_text][\/vc_column_inner][vc_column_inner width=&#8221;1\/2&#8243; offset=&#8221;vc_hidden-sm vc_hidden-xs&#8221;][vc_single_image image=&#8221;5673&#8243; img_size=&#8221;large&#8221; alignment=&#8221;center&#8221;][\/vc_column_inner][\/vc_row_inner][\/vc_column][\/vc_row][vc_row full_width=&#8221;stretch_row_content&#8221; equal_height=&#8221;yes&#8221; css=&#8221;.vc_custom_1585299772335{margin-top: 0px !important;padding-top: 0px !important;}&#8221;][vc_column video_bg=&#8221;yes&#8221; video_bg_url=&#8221;https:\/\/www.youtube.com\/watch?v=VXpeCeUZYqM&#8221; width=&#8221;1\/2&#8243; offset=&#8221;vc_hidden-sm vc_hidden-xs&#8221;][\/vc_column][vc_column width=&#8221;1\/2&#8243; offset=&#8221;vc_hidden-sm vc_hidden-xs&#8221;][vc_column_text css=&#8221;.vc_custom_1588952772918{border-bottom-width: 30px !important;padding-top: 30px !important;}&#8221;]<\/p>\n<h3><span style=\"color: #ffffff;\">\u00a0<\/span><\/h3>\n<h3><\/h3>\n<h3 style=\"text-align: center;\"><strong>Cavagnolo accordions : Continuous innovation with MIDI and Digital accordions.<\/strong><\/h3>\n<p>&nbsp;<\/p>\n<p style=\"text-align: center;\"><span style=\"font-weight: 400;\">In 2010, the electronic components of our accordions significantly advanced thanks to the arrival of our <\/span><b>Digit<\/b><span style=\"font-weight: 400;\"> line. <\/span><span style=\"font-weight: 400;\"><br \/>\n<\/span><span style=\"font-weight: 400;\">We\u2019re thrilled to be able to offer you our newest range, <\/span><b>Digit AiR<\/b><span style=\"font-weight: 400;\">, since November 2018.<\/span><span style=\"font-weight: 400;\"><br \/>\n<\/span><span style=\"font-weight: 400;\">We reviewed the entire Digit interface, around 75% of its hardware (electronic circuits), and 100% of its software component, in order to offer you the very best: the <\/span><b>Digit AiR.<\/b><\/p>\n<p style=\"text-align: center;\"><span style=\"font-weight: 400;\">It\u2019s a digital accordion unlike any other, created within the philosophy of an acoustic accordion.<\/span><\/p>\n<p style=\"text-align: center;\"><span style=\"font-weight: 400;\">Our wish is to bring you a powerful, high-performance instrument, with intuitive handling. Integrated with pure and ultra-realistic sounds. With the ergonomics, look, and feel of an acoustic accordion.<\/span><\/p>\n<p style=\"text-align: center;\"><span style=\"font-weight: 400;\">Our flagship product, the Digit AiR Millenium, allows total, wireless control. Programmed exclusively via iPad, it\u2019s as easy as child\u2019s play.<\/span><\/p>\n<h4 style=\"text-align: center;\"><strong>You dream of it&#8230; Cavagnolo made it!<\/strong><\/h4>\n<p>[\/vc_column_text][\/vc_column][\/vc_row][vc_row full_width=&#8221;stretch_row_content&#8221;][vc_column width=&#8221;1\/2&#8243; offset=&#8221;vc_hidden-sm vc_hidden-xs&#8221;][vc_column_text]<\/p>\n<h3><\/h3>\n<h3><\/h3>\n<h3 style=\"text-align: center;\"><strong>AiR Symphony\u00a0: The high-performance Cavagnolo arranger.<\/strong><\/h3>\n<p style=\"text-align: center;\"><span style=\"font-weight: 400;\">Innovation has always been one of our core strengths and values. We dedicate significant time and energy towards research and invest heavily in development, in order to be able to bring you the best of the best.<\/span><\/p>\n<p style=\"text-align: center;\"><span style=\"font-weight: 400;\">For the first time in our history, we can now offer you our \u2018AiR Symphony\u2019 arranger, after listening intensely to the needs and wishes of both professional and amateur accordionists.\u00a0<\/span><\/p>\n<p style=\"text-align: center;\"><span style=\"font-weight: 400;\">And so, AiR Symphony was born. But creating a classic arranger wasn\u2019t enough for us. The Air Symphony is a unique, original concept. It has the biggest touchscreen on the market, and works via Bluetooth. This brings a level of comfort for use never seen before &#8211; finally, a feature developed with accordionists in mind. It&#8217;s neither cumbersome nor difficult to transport, weighing just 450 grams. Its styles were designed to be realistic, effective and versatile. These were conceived by professional French musicians, resulting in an authenticity that is bound to impress. The styles were specifically fashioned for the accordion, and will therefore respect all of your chords and harmonies in a reliable and accurate manner.<\/span><\/p>\n<p style=\"text-align: center;\"><span style=\"font-weight: 400;\">Although its ergonomy has been ultra-refined, it still holds amazing power.<\/span><\/p>\n<p style=\"text-align: center;\"><span style=\"font-weight: 400;\">It&#8217;s also an evolving model, and its range of styles is increasing with time.<\/span><\/p>\n<p style=\"text-align: center;\"><span style=\"font-weight: 400;\">It is compatible with all the MIDI systems on the market.<\/span><\/p>\n<h4 style=\"text-align: center;\"><strong>We&#8217;ve \u00a0infused with Cavagnolo DNA.<\/strong><\/h4>\n<h5 style=\"text-align: center;\">You can find out more about\u00a0<strong><span style=\"color: #3366ff;\"><a style=\"color: #3366ff;\" href=\"https:\/\/cavagnolo.com\/accordeon\/air-symphony\/\">AiR Symphony<\/a><\/span><\/strong> on our website, with videos and sound demonstrations available.<\/h5>\n<p>[\/vc_column_text][\/vc_column][vc_column video_bg=&#8221;yes&#8221; video_bg_url=&#8221;https:\/\/www.youtube.com\/watch?v=sxoG1_E17Sg&#8221; width=&#8221;1\/2&#8243; offset=&#8221;vc_hidden-sm vc_hidden-xs&#8221;][vc_column_text]<\/p>\n<p>&nbsp;<\/p>\n<p>&nbsp;<\/p>\n<p>&nbsp;<\/p>\n<p>&nbsp;<\/p>\n<p>&nbsp;<\/p>\n<p>&nbsp;<\/p>\n<p>&nbsp;<\/p>\n<p>&nbsp;<\/p>\n<p>&nbsp;<\/p>\n<p>&nbsp;<\/p>\n<p>&nbsp;<\/p>\n<p>&nbsp;<\/p>\n<p>&nbsp;<\/p>\n<p>&nbsp;<\/p>\n<p>&nbsp;<\/p>\n<p>&nbsp;<\/p>\n<p>[\/vc_column_text][\/vc_column][\/vc_row][vc_row full_width=&#8221;stretch_row_content&#8221; content_placement=&#8221;middle&#8221; css=&#8221;.vc_custom_1585301751259{background-color: #22252a !important;}&#8221;][vc_column width=&#8221;1\/2&#8243; offset=&#8221;vc_hidden-sm vc_hidden-xs&#8221;][vc_single_image image=&#8221;5924&#8243; img_size=&#8221;full&#8221; alignment=&#8221;center&#8221; onclick=&#8221;custom_link&#8221; img_link_target=&#8221;_blank&#8221; link=&#8221;https:\/\/www.youtube.com\/channel\/UC3VhaFmo4Hol_9BfhVTUWcw&#8221;][\/vc_column][vc_column width=&#8221;1\/2&#8243; offset=&#8221;vc_hidden-sm vc_hidden-xs&#8221;][vc_column_text]<\/p>\n<h3 style=\"text-align: center;\"><span style=\"color: #ffffff;\"><strong>Cavagnolo Accordions are on Youtube!<\/strong><\/span><\/h3>\n<h4 style=\"text-align: center;\"><strong><span style=\"color: #ff0000;\"><span style=\"caret-color: #ff0000;\">Suscribe<\/span><\/span><span style=\"color: #ffffff;\">\u00a0to our channel to listen.<\/span><\/strong><\/h4>\n<p>&nbsp;<\/p>\n<p style=\"text-align: center;\"><span style=\"font-weight: 400; color: #ffffff;\">Watch all the demonstrations of our acoustic and digital accordions, as well as our AiR Symphony arranger.<\/span><\/p>\n<p style=\"text-align: center;\"><span style=\"font-weight: 400; color: #ffffff;\">Plus, you\u2019ll find all of the documentaries and behind-the-scenes footage on how Cavagnolo Accordions are made.<\/span><\/p>\n<h4 style=\"text-align: center;\"><span style=\"color: #3366ff;\"><a style=\"color: #3366ff;\" href=\"https:\/\/www.youtube.com\/channel\/UC3VhaFmo4Hol_9BfhVTUWcw\/videos\" target=\"_blank\" rel=\"noopener noreferrer\">Click here to access our videos!<\/a><\/span><\/h4>\n<p>[\/vc_column_text][\/vc_column][\/vc_row]<\/p>\n","protected":false},"excerpt":{"rendered":"<p>[vc_row full_width=&#8221;stretch_row_content&#8221;][vc_column][vc_row_inner][vc_column_inner width=&#8221;1\/4&#8243;][vc_column_text][\/vc_column_text][\/vc_column_inner][vc_column_inner width=&#8221;1\/2&#8243;][vc_column_text] Do you need help finding the &hellip; <a href=\"https:\/\/cavagnolo.com\/en\/\">Continued<\/a><\/p>\n","protected":false},"author":1,"featured_media":0,"parent":0,"menu_order":0,"comment_status":"closed","ping_status":"closed","template":"","meta":{"inline_featured_image":false,"footnotes":""},"acf":[],"yoast_head":"<!-- This site is optimized with the Yoast SEO plugin v23.0 - https:\/\/yoast.com\/wordpress\/plugins\/seo\/ -->\n<title>Cavagnolo accordions manufacture : Acoustic, Digital, arrangeur - Home<\/title>\n<meta name=\"description\" content=\"Cavagnolo accordions - High quality acoustic and digital accordions made in France. Cavagnolo accordions have been a reference for more than 110 years.\" \/>\n<meta name=\"robots\" content=\"index, follow, max-snippet:-1, max-image-preview:large, max-video-preview:-1\" \/>\n<link rel=\"canonical\" href=\"https:\/\/cavagnolo.com\/en\/accordeons-cavagnolo-2\/\" \/>\n<meta property=\"og:locale\" content=\"en_US\" \/>\n<meta property=\"og:type\" content=\"article\" \/>\n<meta property=\"og:title\" content=\"Cavagnolo accordions manufacture : Acoustic, Digital, arrangeur - Home\" \/>\n<meta property=\"og:description\" content=\"Cavagnolo accordions - High quality acoustic and digital accordions made in France. Cavagnolo accordions have been a reference for more than 110 years.\" \/>\n<meta property=\"og:url\" content=\"https:\/\/cavagnolo.com\/en\/accordeons-cavagnolo-2\/\" \/>\n<meta property=\"og:site_name\" content=\"Accord\u00e9ons Cavagnolo\" \/>\n<meta property=\"article:modified_time\" content=\"2024-12-28T10:10:18+00:00\" \/>\n<meta property=\"og:image\" content=\"https:\/\/cavagnolo.com\/app\/uploads\/2024\/12\/Banniere-Zenith-One-US.jpg\" \/>\n<meta name=\"twitter:card\" content=\"summary_large_image\" \/>\n<meta name=\"twitter:label1\" content=\"Est. reading time\" \/>\n\t<meta name=\"twitter:data1\" content=\"7 minutes\" \/>\n<script type=\"application\/ld+json\" class=\"yoast-schema-graph\">{\"@context\":\"https:\/\/schema.org\",\"@graph\":[{\"@type\":\"WebPage\",\"@id\":\"https:\/\/cavagnolo.com\/en\/accordeons-cavagnolo-2\/\",\"url\":\"https:\/\/cavagnolo.com\/en\/accordeons-cavagnolo-2\/\",\"name\":\"Cavagnolo accordions manufacture : Acoustic, Digital, arrangeur - Home\",\"isPartOf\":{\"@id\":\"https:\/\/cavagnolo.com\/en\/#website\"},\"primaryImageOfPage\":{\"@id\":\"https:\/\/cavagnolo.com\/en\/accordeons-cavagnolo-2\/#primaryimage\"},\"image\":{\"@id\":\"https:\/\/cavagnolo.com\/en\/accordeons-cavagnolo-2\/#primaryimage\"},\"thumbnailUrl\":\"https:\/\/cavagnolo.com\/app\/uploads\/2024\/12\/Banniere-Zenith-One-US.jpg\",\"datePublished\":\"2017-08-24T19:14:03+00:00\",\"dateModified\":\"2024-12-28T10:10:18+00:00\",\"description\":\"Cavagnolo accordions - High quality acoustic and digital accordions made in France. Cavagnolo accordions have been a reference for more than 110 years.\",\"breadcrumb\":{\"@id\":\"https:\/\/cavagnolo.com\/en\/accordeons-cavagnolo-2\/#breadcrumb\"},\"inLanguage\":\"en-US\",\"potentialAction\":[{\"@type\":\"ReadAction\",\"target\":[\"https:\/\/cavagnolo.com\/en\/accordeons-cavagnolo-2\/\"]}]},{\"@type\":\"ImageObject\",\"inLanguage\":\"en-US\",\"@id\":\"https:\/\/cavagnolo.com\/en\/accordeons-cavagnolo-2\/#primaryimage\",\"url\":\"https:\/\/cavagnolo.com\/app\/uploads\/2024\/12\/Banniere-Zenith-One-US.jpg\",\"contentUrl\":\"https:\/\/cavagnolo.com\/app\/uploads\/2024\/12\/Banniere-Zenith-One-US.jpg\"},{\"@type\":\"BreadcrumbList\",\"@id\":\"https:\/\/cavagnolo.com\/en\/accordeons-cavagnolo-2\/#breadcrumb\",\"itemListElement\":[{\"@type\":\"ListItem\",\"position\":1,\"name\":\"Home\",\"item\":\"https:\/\/cavagnolo.com\/en\/accordeons-cavagnolo-2\/\"},{\"@type\":\"ListItem\",\"position\":2,\"name\":\"Cavagnolo accordions\"}]},{\"@type\":\"WebSite\",\"@id\":\"https:\/\/cavagnolo.com\/en\/#website\",\"url\":\"https:\/\/cavagnolo.com\/en\/\",\"name\":\"Accord\u00e9ons Cavagnolo\",\"description\":\"Accord\u00e9ons Acoustiques et Num\u00e9riques de qualit\u00e9\",\"publisher\":{\"@id\":\"https:\/\/cavagnolo.com\/en\/#organization\"},\"potentialAction\":[{\"@type\":\"SearchAction\",\"target\":{\"@type\":\"EntryPoint\",\"urlTemplate\":\"https:\/\/cavagnolo.com\/en\/?s={search_term_string}\"},\"query-input\":\"required name=search_term_string\"}],\"inLanguage\":\"en-US\"},{\"@type\":\"Organization\",\"@id\":\"https:\/\/cavagnolo.com\/en\/#organization\",\"name\":\"Cavagnolo\",\"url\":\"https:\/\/cavagnolo.com\/en\/\",\"logo\":{\"@type\":\"ImageObject\",\"inLanguage\":\"en-US\",\"@id\":\"https:\/\/cavagnolo.com\/en\/#\/schema\/logo\/image\/\",\"url\":\"https:\/\/cavagnolo.com\/app\/uploads\/2017\/08\/logo.png\",\"contentUrl\":\"https:\/\/cavagnolo.com\/app\/uploads\/2017\/08\/logo.png\",\"width\":432,\"height\":59,\"caption\":\"Cavagnolo\"},\"image\":{\"@id\":\"https:\/\/cavagnolo.com\/en\/#\/schema\/logo\/image\/\"}}]}<\/script>\n<!-- \/ Yoast SEO plugin. -->","yoast_head_json":{"title":"Cavagnolo accordions manufacture : Acoustic, Digital, arrangeur - Home","description":"Cavagnolo accordions - High quality acoustic and digital accordions made in France. Cavagnolo accordions have been a reference for more than 110 years.","robots":{"index":"index","follow":"follow","max-snippet":"max-snippet:-1","max-image-preview":"max-image-preview:large","max-video-preview":"max-video-preview:-1"},"canonical":"https:\/\/cavagnolo.com\/en\/accordeons-cavagnolo-2\/","og_locale":"en_US","og_type":"article","og_title":"Cavagnolo accordions manufacture : Acoustic, Digital, arrangeur - Home","og_description":"Cavagnolo accordions - High quality acoustic and digital accordions made in France. Cavagnolo accordions have been a reference for more than 110 years.","og_url":"https:\/\/cavagnolo.com\/en\/accordeons-cavagnolo-2\/","og_site_name":"Accord\u00e9ons Cavagnolo","article_modified_time":"2024-12-28T10:10:18+00:00","og_image":[{"url":"https:\/\/cavagnolo.com\/app\/uploads\/2024\/12\/Banniere-Zenith-One-US.jpg"}],"twitter_card":"summary_large_image","twitter_misc":{"Est. reading time":"7 minutes"},"schema":{"@context":"https:\/\/schema.org","@graph":[{"@type":"WebPage","@id":"https:\/\/cavagnolo.com\/en\/accordeons-cavagnolo-2\/","url":"https:\/\/cavagnolo.com\/en\/accordeons-cavagnolo-2\/","name":"Cavagnolo accordions manufacture : Acoustic, Digital, arrangeur - Home","isPartOf":{"@id":"https:\/\/cavagnolo.com\/en\/#website"},"primaryImageOfPage":{"@id":"https:\/\/cavagnolo.com\/en\/accordeons-cavagnolo-2\/#primaryimage"},"image":{"@id":"https:\/\/cavagnolo.com\/en\/accordeons-cavagnolo-2\/#primaryimage"},"thumbnailUrl":"https:\/\/cavagnolo.com\/app\/uploads\/2024\/12\/Banniere-Zenith-One-US.jpg","datePublished":"2017-08-24T19:14:03+00:00","dateModified":"2024-12-28T10:10:18+00:00","description":"Cavagnolo accordions - High quality acoustic and digital accordions made in France. Cavagnolo accordions have been a reference for more than 110 years.","breadcrumb":{"@id":"https:\/\/cavagnolo.com\/en\/accordeons-cavagnolo-2\/#breadcrumb"},"inLanguage":"en-US","potentialAction":[{"@type":"ReadAction","target":["https:\/\/cavagnolo.com\/en\/accordeons-cavagnolo-2\/"]}]},{"@type":"ImageObject","inLanguage":"en-US","@id":"https:\/\/cavagnolo.com\/en\/accordeons-cavagnolo-2\/#primaryimage","url":"https:\/\/cavagnolo.com\/app\/uploads\/2024\/12\/Banniere-Zenith-One-US.jpg","contentUrl":"https:\/\/cavagnolo.com\/app\/uploads\/2024\/12\/Banniere-Zenith-One-US.jpg"},{"@type":"BreadcrumbList","@id":"https:\/\/cavagnolo.com\/en\/accordeons-cavagnolo-2\/#breadcrumb","itemListElement":[{"@type":"ListItem","position":1,"name":"Home","item":"https:\/\/cavagnolo.com\/en\/accordeons-cavagnolo-2\/"},{"@type":"ListItem","position":2,"name":"Cavagnolo accordions"}]},{"@type":"WebSite","@id":"https:\/\/cavagnolo.com\/en\/#website","url":"https:\/\/cavagnolo.com\/en\/","name":"Accord\u00e9ons Cavagnolo","description":"Accord\u00e9ons Acoustiques et Num\u00e9riques de qualit\u00e9","publisher":{"@id":"https:\/\/cavagnolo.com\/en\/#organization"},"potentialAction":[{"@type":"SearchAction","target":{"@type":"EntryPoint","urlTemplate":"https:\/\/cavagnolo.com\/en\/?s={search_term_string}"},"query-input":"required name=search_term_string"}],"inLanguage":"en-US"},{"@type":"Organization","@id":"https:\/\/cavagnolo.com\/en\/#organization","name":"Cavagnolo","url":"https:\/\/cavagnolo.com\/en\/","logo":{"@type":"ImageObject","inLanguage":"en-US","@id":"https:\/\/cavagnolo.com\/en\/#\/schema\/logo\/image\/","url":"https:\/\/cavagnolo.com\/app\/uploads\/2017\/08\/logo.png","contentUrl":"https:\/\/cavagnolo.com\/app\/uploads\/2017\/08\/logo.png","width":432,"height":59,"caption":"Cavagnolo"},"image":{"@id":"https:\/\/cavagnolo.com\/en\/#\/schema\/logo\/image\/"}}]}},"_links":{"self":[{"href":"https:\/\/cavagnolo.com\/en\/wp-json\/wp\/v2\/pages\/5976"}],"collection":[{"href":"https:\/\/cavagnolo.com\/en\/wp-json\/wp\/v2\/pages"}],"about":[{"href":"https:\/\/cavagnolo.com\/en\/wp-json\/wp\/v2\/types\/page"}],"author":[{"embeddable":true,"href":"https:\/\/cavagnolo.com\/en\/wp-json\/wp\/v2\/users\/1"}],"replies":[{"embeddable":true,"href":"https:\/\/cavagnolo.com\/en\/wp-json\/wp\/v2\/comments?post=5976"}],"version-history":[{"count":3,"href":"https:\/\/cavagnolo.com\/en\/wp-json\/wp\/v2\/pages\/5976\/revisions"}],"predecessor-version":[{"id":18447,"href":"https:\/\/cavagnolo.com\/en\/wp-json\/wp\/v2\/pages\/5976\/revisions\/18447"}],"wp:attachment":[{"href":"https:\/\/cavagnolo.com\/en\/wp-json\/wp\/v2\/media?parent=5976"}],"curies":[{"name":"wp","href":"https:\/\/api.w.org\/{rel}","templated":true}]}}