{"id":6326,"date":"2018-07-05T17:42:31","date_gmt":"2018-07-05T15:42:31","guid":{"rendered":"https:\/\/cavagnolo.com\/mentions-legales\/"},"modified":"2020-05-22T10:15:56","modified_gmt":"2020-05-22T08:15:56","slug":"legal-notice","status":"publish","type":"page","link":"https:\/\/cavagnolo.com\/en\/legal-notice\/","title":{"rendered":"Legal Notice"},"content":{"rendered":"<div class=\"bloc_desc_produit\">\n<h2>MENTIONS\u00a0<strong>L\u00c9GALES<\/strong><\/h2>\n<div class=\"desc_produit\">\n<p class=\"intro\">ICONOGRAPHIE<br \/>\nPhotos : Cavagnolo , fotolia.<\/p>\n<p class=\"intro\">LOI SUR L&#8217;ECONOMIE NUM\u00c9RIQUE<\/p>\n<p>Les coordonn\u00e9es des responsables de la publication sont mentionn\u00e9es ci-dessous, en application de la Loi n\u00b0 2004-275 , dite LEN (Loi sur l&#8217;\u00c9conomie Num\u00e9rique) du 21 juin 2004, J.O n\u00b0 143 du 22 juin 2004 page 11168<\/p>\n<p>R\u00e9alisation :<\/p>\n<p><strong>Cavagnolo<br \/>\nTel : 04 72 88 35 41<br \/>\n<a href=\"mailto:mchaussalet@cava-france.fr\">mchaussalet@cava-france.fr<\/a><br \/>\n<\/strong><\/p>\n<p>Conception du site Internet :\u00a0<a href=\"https:\/\/exocod.fr\" target=\"_blank\" rel=\"noopener noreferrer\">exocod<\/a><\/p>\n<p class=\"intro\">COPYRIGHT<\/p>\n<p>La reproduction des contenus de ce site, \u00e0 l&#8217;exception de l&#8217;iconographie est autoris\u00e9e \u00e0 condition d&#8217;en mentionner la source et la date de &#8220;derni\u00e8re mise \u00e0 jour&#8221;. Ces pages et les informations qu&#8217;elles contiennent ne doivent \u00eatre utilis\u00e9es qu&#8217;\u00e0 des fins personnelles, associatives ou professionnelles ; toute diffusion ou utilisation \u00e0 des fins commerciales ou publicitaires est exclue.<\/p>\n<p>Toutes les images pr\u00e9sentes sur ce site Web sont soumises \u00e0 un copyright . Elles ne peuvent \u00eatre dupliqu\u00e9es ou utilis\u00e9es sans l&#8217;autorisation \u00e9crite de l&#8217;entreprise Cavagnolo .<\/p>\n<p>Toute demande doit \u00eatre adress\u00e9e \u00e0 :<\/p>\n<p>Cavagnolo<br \/>\n380 Chemin du Derontet<br \/>\nZA les 2B<br \/>\n01360 BELIGNEUX<br \/>\nTel : 04 72 88 35 41<br \/>\n<a href=\"mailto:mchaussalet@cava-france.fr\">mchaussalet@cava-france.fr<\/a><\/p>\n<p class=\"intro\">LOI INFORMATIQUE ET LIBERT\u00c9S<\/p>\n<p>Les informations pr\u00e9sent\u00e9es sur ce site ainsi que les liens vers d&#8217;autres sites sont donn\u00e9s \u00e0 titre indicatif . La pr\u00e9sence de pointeurs hypertextes vers d&#8217;autres sites web n&#8217;engage pas Cavagnolo sur le contenu de ces sites.<\/p>\n<p>Conform\u00e9ment \u00e0 la loi fran\u00e7aise (article 27 de la loi n\u00b0 78.17 du 06.01.78 relative \u00e0 l&#8217;informatique, aux fichiers et aux libert\u00e9s) un droit d&#8217;acc\u00e8s et de rectification des donn\u00e9es conserv\u00e9es est ouvert aupr\u00e8s de :\u00a0<strong>Cavagnolo<\/strong><\/p>\n<p>Les utilisateurs sont responsables des interrogations qu&#8217;ils formulent ainsi que de l&#8217;interpr\u00e9tation et de l&#8217;utilisation qu&#8217;ils font des r\u00e9sultats. Il leur appartient d&#8217;en faire un usage conforme aux r\u00e9glementations en vigueur et aux recommandations de la Commission nationale de l&#8217;informatique et des libert\u00e9s (CNIL) lorsque des donn\u00e9es ont un caract\u00e8re nominatif (loi n\u00b0 78.17 du 6 janvier 1978, relative \u00e0 l&#8217;informatique, aux fichiers et aux libert\u00e9s dite loi informatique et libert\u00e9s).<\/p>\n<\/div>\n<\/div>\n","protected":false},"excerpt":{"rendered":"<p>MENTIONS\u00a0L\u00c9GALES ICONOGRAPHIE Photos : Cavagnolo , fotolia. LOI SUR L&#8217;ECONOMIE &hellip; <a href=\"https:\/\/cavagnolo.com\/en\/legal-notice\/\">Continued<\/a><\/p>\n","protected":false},"author":1,"featured_media":0,"parent":0,"menu_order":0,"comment_status":"closed","ping_status":"closed","template":"","meta":{"inline_featured_image":false,"footnotes":""},"acf":[],"yoast_head":"<!-- This site is optimized with the Yoast SEO plugin v23.0 - https:\/\/yoast.com\/wordpress\/plugins\/seo\/ -->\n<title>Legal Notice - Accord\u00e9ons Cavagnolo<\/title>\n<meta name=\"robots\" content=\"index, follow, max-snippet:-1, max-image-preview:large, max-video-preview:-1\" \/>\n<link rel=\"canonical\" href=\"https:\/\/cavagnolo.com\/en\/legal-notice\/\" \/>\n<meta property=\"og:locale\" content=\"en_US\" \/>\n<meta property=\"og:type\" content=\"article\" \/>\n<meta property=\"og:title\" content=\"Legal Notice - Accord\u00e9ons Cavagnolo\" \/>\n<meta property=\"og:description\" content=\"MENTIONS\u00a0L\u00c9GALES ICONOGRAPHIE Photos : Cavagnolo , fotolia. LOI SUR L&#8217;ECONOMIE &hellip; Continued\" \/>\n<meta property=\"og:url\" content=\"https:\/\/cavagnolo.com\/en\/legal-notice\/\" \/>\n<meta property=\"og:site_name\" content=\"Accord\u00e9ons Cavagnolo\" \/>\n<meta property=\"article:modified_time\" content=\"2020-05-22T08:15:56+00:00\" \/>\n<meta name=\"twitter:card\" content=\"summary_large_image\" \/>\n<meta name=\"twitter:label1\" content=\"Est. reading time\" \/>\n\t<meta name=\"twitter:data1\" content=\"2 minutes\" \/>\n<script type=\"application\/ld+json\" class=\"yoast-schema-graph\">{\"@context\":\"https:\/\/schema.org\",\"@graph\":[{\"@type\":\"WebPage\",\"@id\":\"https:\/\/cavagnolo.com\/en\/legal-notice\/\",\"url\":\"https:\/\/cavagnolo.com\/en\/legal-notice\/\",\"name\":\"Legal Notice - Accord\u00e9ons Cavagnolo\",\"isPartOf\":{\"@id\":\"https:\/\/cavagnolo.com\/en\/#website\"},\"datePublished\":\"2018-07-05T15:42:31+00:00\",\"dateModified\":\"2020-05-22T08:15:56+00:00\",\"breadcrumb\":{\"@id\":\"https:\/\/cavagnolo.com\/en\/legal-notice\/#breadcrumb\"},\"inLanguage\":\"en-US\",\"potentialAction\":[{\"@type\":\"ReadAction\",\"target\":[\"https:\/\/cavagnolo.com\/en\/legal-notice\/\"]}]},{\"@type\":\"BreadcrumbList\",\"@id\":\"https:\/\/cavagnolo.com\/en\/legal-notice\/#breadcrumb\",\"itemListElement\":[{\"@type\":\"ListItem\",\"position\":1,\"name\":\"Home\",\"item\":\"https:\/\/cavagnolo.com\/en\/accordeons-cavagnolo-2\/\"},{\"@type\":\"ListItem\",\"position\":2,\"name\":\"Legal Notice\"}]},{\"@type\":\"WebSite\",\"@id\":\"https:\/\/cavagnolo.com\/en\/#website\",\"url\":\"https:\/\/cavagnolo.com\/en\/\",\"name\":\"Accord\u00e9ons Cavagnolo\",\"description\":\"Accord\u00e9ons Acoustiques et Num\u00e9riques de qualit\u00e9\",\"publisher\":{\"@id\":\"https:\/\/cavagnolo.com\/en\/#organization\"},\"potentialAction\":[{\"@type\":\"SearchAction\",\"target\":{\"@type\":\"EntryPoint\",\"urlTemplate\":\"https:\/\/cavagnolo.com\/en\/?s={search_term_string}\"},\"query-input\":\"required name=search_term_string\"}],\"inLanguage\":\"en-US\"},{\"@type\":\"Organization\",\"@id\":\"https:\/\/cavagnolo.com\/en\/#organization\",\"name\":\"Cavagnolo\",\"url\":\"https:\/\/cavagnolo.com\/en\/\",\"logo\":{\"@type\":\"ImageObject\",\"inLanguage\":\"en-US\",\"@id\":\"https:\/\/cavagnolo.com\/en\/#\/schema\/logo\/image\/\",\"url\":\"https:\/\/cavagnolo.com\/app\/uploads\/2017\/08\/logo.png\",\"contentUrl\":\"https:\/\/cavagnolo.com\/app\/uploads\/2017\/08\/logo.png\",\"width\":432,\"height\":59,\"caption\":\"Cavagnolo\"},\"image\":{\"@id\":\"https:\/\/cavagnolo.com\/en\/#\/schema\/logo\/image\/\"}}]}<\/script>\n<!-- \/ Yoast SEO plugin. -->","yoast_head_json":{"title":"Legal Notice - Accord\u00e9ons Cavagnolo","robots":{"index":"index","follow":"follow","max-snippet":"max-snippet:-1","max-image-preview":"max-image-preview:large","max-video-preview":"max-video-preview:-1"},"canonical":"https:\/\/cavagnolo.com\/en\/legal-notice\/","og_locale":"en_US","og_type":"article","og_title":"Legal Notice - Accord\u00e9ons Cavagnolo","og_description":"MENTIONS\u00a0L\u00c9GALES ICONOGRAPHIE Photos : Cavagnolo , fotolia. LOI SUR L&#8217;ECONOMIE &hellip; Continued","og_url":"https:\/\/cavagnolo.com\/en\/legal-notice\/","og_site_name":"Accord\u00e9ons Cavagnolo","article_modified_time":"2020-05-22T08:15:56+00:00","twitter_card":"summary_large_image","twitter_misc":{"Est. reading time":"2 minutes"},"schema":{"@context":"https:\/\/schema.org","@graph":[{"@type":"WebPage","@id":"https:\/\/cavagnolo.com\/en\/legal-notice\/","url":"https:\/\/cavagnolo.com\/en\/legal-notice\/","name":"Legal Notice - Accord\u00e9ons Cavagnolo","isPartOf":{"@id":"https:\/\/cavagnolo.com\/en\/#website"},"datePublished":"2018-07-05T15:42:31+00:00","dateModified":"2020-05-22T08:15:56+00:00","breadcrumb":{"@id":"https:\/\/cavagnolo.com\/en\/legal-notice\/#breadcrumb"},"inLanguage":"en-US","potentialAction":[{"@type":"ReadAction","target":["https:\/\/cavagnolo.com\/en\/legal-notice\/"]}]},{"@type":"BreadcrumbList","@id":"https:\/\/cavagnolo.com\/en\/legal-notice\/#breadcrumb","itemListElement":[{"@type":"ListItem","position":1,"name":"Home","item":"https:\/\/cavagnolo.com\/en\/accordeons-cavagnolo-2\/"},{"@type":"ListItem","position":2,"name":"Legal Notice"}]},{"@type":"WebSite","@id":"https:\/\/cavagnolo.com\/en\/#website","url":"https:\/\/cavagnolo.com\/en\/","name":"Accord\u00e9ons Cavagnolo","description":"Accord\u00e9ons Acoustiques et Num\u00e9riques de qualit\u00e9","publisher":{"@id":"https:\/\/cavagnolo.com\/en\/#organization"},"potentialAction":[{"@type":"SearchAction","target":{"@type":"EntryPoint","urlTemplate":"https:\/\/cavagnolo.com\/en\/?s={search_term_string}"},"query-input":"required name=search_term_string"}],"inLanguage":"en-US"},{"@type":"Organization","@id":"https:\/\/cavagnolo.com\/en\/#organization","name":"Cavagnolo","url":"https:\/\/cavagnolo.com\/en\/","logo":{"@type":"ImageObject","inLanguage":"en-US","@id":"https:\/\/cavagnolo.com\/en\/#\/schema\/logo\/image\/","url":"https:\/\/cavagnolo.com\/app\/uploads\/2017\/08\/logo.png","contentUrl":"https:\/\/cavagnolo.com\/app\/uploads\/2017\/08\/logo.png","width":432,"height":59,"caption":"Cavagnolo"},"image":{"@id":"https:\/\/cavagnolo.com\/en\/#\/schema\/logo\/image\/"}}]}},"_links":{"self":[{"href":"https:\/\/cavagnolo.com\/en\/wp-json\/wp\/v2\/pages\/6326"}],"collection":[{"href":"https:\/\/cavagnolo.com\/en\/wp-json\/wp\/v2\/pages"}],"about":[{"href":"https:\/\/cavagnolo.com\/en\/wp-json\/wp\/v2\/types\/page"}],"author":[{"embeddable":true,"href":"https:\/\/cavagnolo.com\/en\/wp-json\/wp\/v2\/users\/1"}],"replies":[{"embeddable":true,"href":"https:\/\/cavagnolo.com\/en\/wp-json\/wp\/v2\/comments?post=6326"}],"version-history":[{"count":0,"href":"https:\/\/cavagnolo.com\/en\/wp-json\/wp\/v2\/pages\/6326\/revisions"}],"wp:attachment":[{"href":"https:\/\/cavagnolo.com\/en\/wp-json\/wp\/v2\/media?parent=6326"}],"curies":[{"name":"wp","href":"https:\/\/api.w.org\/{rel}","templated":true}]}}