{"id":6327,"date":"2017-08-24T21:51:54","date_gmt":"2017-08-24T19:51:54","guid":{"rendered":"https:\/\/cavagnolo.com\/contact\/"},"modified":"2020-05-24T18:00:49","modified_gmt":"2020-05-24T16:00:49","slug":"contact","status":"publish","type":"page","link":"https:\/\/cavagnolo.com\/en\/contact\/","title":{"rendered":"Contact"},"content":{"rendered":"<h2>Formulaire de contact<\/h2>\n<p>&nbsp;<\/p>\n\n<div class=\"wpcf7 no-js\" id=\"wpcf7-f25-o1\" lang=\"fr-FR\" dir=\"ltr\">\n<div class=\"screen-reader-response\"><p role=\"status\" aria-live=\"polite\" aria-atomic=\"true\"><\/p> <ul><\/ul><\/div>\n<form action=\"\/en\/wp-json\/wp\/v2\/pages\/6327#wpcf7-f25-o1\" method=\"post\" class=\"wpcf7-form init\" aria-label=\"Contact form\" novalidate=\"novalidate\" data-status=\"init\">\n<div style=\"display: none;\">\n<input type=\"hidden\" name=\"_wpcf7\" value=\"25\" \/>\n<input type=\"hidden\" name=\"_wpcf7_version\" value=\"5.9.6\" \/>\n<input type=\"hidden\" name=\"_wpcf7_locale\" value=\"fr_FR\" \/>\n<input type=\"hidden\" name=\"_wpcf7_unit_tag\" value=\"wpcf7-f25-o1\" \/>\n<input type=\"hidden\" name=\"_wpcf7_container_post\" value=\"0\" \/>\n<input type=\"hidden\" name=\"_wpcf7_posted_data_hash\" value=\"\" \/>\n<input type=\"hidden\" name=\"_wpcf7_recaptcha_response\" value=\"\" \/>\n<\/div>\n<div class=\"form-row\">\n\t<div class=\"form-group col-md-4\">\n\t\t<p><span class=\"wpcf7-form-control-wrap\" data-name=\"nom_prenom\"><input size=\"40\" maxlength=\"80\" class=\"wpcf7-form-control wpcf7-text wpcf7-validates-as-required form-control\" aria-required=\"true\" aria-invalid=\"false\" placeholder=\"Nom, pr\u00e9nom\" value=\"\" type=\"text\" name=\"nom_prenom\" \/><\/span>\n\t\t<\/p>\n\t<\/div>\n\t<div class=\"form-group col-md-4\">\n\t\t<p><span class=\"wpcf7-form-control-wrap\" data-name=\"email\"><input size=\"40\" maxlength=\"80\" class=\"wpcf7-form-control wpcf7-email wpcf7-validates-as-required wpcf7-text wpcf7-validates-as-email form-control\" aria-required=\"true\" aria-invalid=\"false\" placeholder=\"Email\" value=\"\" type=\"email\" name=\"email\" \/><\/span>\n\t\t<\/p>\n\t<\/div>\n\t<div class=\"form-group col-md-4\">\n\t\t<p><span class=\"wpcf7-form-control-wrap\" data-name=\"phone\"><input size=\"40\" maxlength=\"80\" class=\"wpcf7-form-control wpcf7-text wpcf7-validates-as-required form-control\" aria-required=\"true\" aria-invalid=\"false\" placeholder=\"T\u00e9l\u00e9phone\" value=\"\" type=\"text\" name=\"phone\" \/><\/span>\n\t\t<\/p>\n\t<\/div>\n<\/div>\n<div class=\"form-group\">\n\t<div class=\"form-group\">\n\t\t<p><span class=\"wpcf7-form-control-wrap\" data-name=\"your-message\"><textarea cols=\"40\" rows=\"10\" maxlength=\"400\" class=\"wpcf7-form-control wpcf7-textarea wpcf7-validates-as-required form-control\" aria-required=\"true\" aria-invalid=\"false\" placeholder=\"Votre message\" name=\"your-message\"><\/textarea><\/span>\n\t\t<\/p>\n\t<\/div>\n<\/div>\n<p><input class=\"wpcf7-form-control wpcf7-submit has-spinner btn btn-secondary\" type=\"submit\" value=\"Envoyer\" \/>\n<\/p><div class=\"wpcf7-response-output\" aria-hidden=\"true\"><\/div>\n<\/form>\n<\/div>\n\n","protected":false},"excerpt":{"rendered":"<p>Formulaire de contact &nbsp;<\/p>\n","protected":false},"author":1,"featured_media":0,"parent":0,"menu_order":0,"comment_status":"closed","ping_status":"closed","template":"views\/template-contact.blade.php","meta":{"inline_featured_image":false,"footnotes":""},"acf":[],"yoast_head":"<!-- This site is optimized with the Yoast SEO plugin v23.0 - https:\/\/yoast.com\/wordpress\/plugins\/seo\/ -->\n<title>Contact - Information request - Cavagnolo Accordions.<\/title>\n<meta name=\"description\" content=\"Contact : A question about a model? A technical question? Need advice? Contact us! We will be happy to inform you. cavagnolo@cava-france.fr\" \/>\n<meta name=\"robots\" content=\"index, follow, max-snippet:-1, max-image-preview:large, max-video-preview:-1\" \/>\n<link rel=\"canonical\" href=\"https:\/\/cavagnolo.com\/en\/contact\/\" \/>\n<meta property=\"og:locale\" content=\"en_US\" \/>\n<meta property=\"og:type\" content=\"article\" \/>\n<meta property=\"og:title\" content=\"Contact - Information request - Cavagnolo Accordions.\" \/>\n<meta property=\"og:description\" content=\"Contact : A question about a model? A technical question? Need advice? Contact us! We will be happy to inform you. cavagnolo@cava-france.fr\" \/>\n<meta property=\"og:url\" content=\"https:\/\/cavagnolo.com\/en\/contact\/\" \/>\n<meta property=\"og:site_name\" content=\"Accord\u00e9ons Cavagnolo\" \/>\n<meta property=\"article:modified_time\" content=\"2020-05-24T16:00:49+00:00\" \/>\n<meta name=\"twitter:card\" content=\"summary_large_image\" \/>\n<script type=\"application\/ld+json\" class=\"yoast-schema-graph\">{\"@context\":\"https:\/\/schema.org\",\"@graph\":[{\"@type\":\"WebPage\",\"@id\":\"https:\/\/cavagnolo.com\/en\/contact\/\",\"url\":\"https:\/\/cavagnolo.com\/en\/contact\/\",\"name\":\"Contact - Information request - Cavagnolo Accordions.\",\"isPartOf\":{\"@id\":\"https:\/\/cavagnolo.com\/en\/#website\"},\"datePublished\":\"2017-08-24T19:51:54+00:00\",\"dateModified\":\"2020-05-24T16:00:49+00:00\",\"description\":\"Contact : A question about a model? A technical question? Need advice? Contact us! We will be happy to inform you. cavagnolo@cava-france.fr\",\"breadcrumb\":{\"@id\":\"https:\/\/cavagnolo.com\/en\/contact\/#breadcrumb\"},\"inLanguage\":\"en-US\",\"potentialAction\":[{\"@type\":\"ReadAction\",\"target\":[\"https:\/\/cavagnolo.com\/en\/contact\/\"]}]},{\"@type\":\"BreadcrumbList\",\"@id\":\"https:\/\/cavagnolo.com\/en\/contact\/#breadcrumb\",\"itemListElement\":[{\"@type\":\"ListItem\",\"position\":1,\"name\":\"Home\",\"item\":\"https:\/\/cavagnolo.com\/en\/accordeons-cavagnolo-2\/\"},{\"@type\":\"ListItem\",\"position\":2,\"name\":\"Contact\"}]},{\"@type\":\"WebSite\",\"@id\":\"https:\/\/cavagnolo.com\/en\/#website\",\"url\":\"https:\/\/cavagnolo.com\/en\/\",\"name\":\"Accord\u00e9ons Cavagnolo\",\"description\":\"Accord\u00e9ons Acoustiques et Num\u00e9riques de qualit\u00e9\",\"publisher\":{\"@id\":\"https:\/\/cavagnolo.com\/en\/#organization\"},\"potentialAction\":[{\"@type\":\"SearchAction\",\"target\":{\"@type\":\"EntryPoint\",\"urlTemplate\":\"https:\/\/cavagnolo.com\/en\/?s={search_term_string}\"},\"query-input\":\"required name=search_term_string\"}],\"inLanguage\":\"en-US\"},{\"@type\":\"Organization\",\"@id\":\"https:\/\/cavagnolo.com\/en\/#organization\",\"name\":\"Cavagnolo\",\"url\":\"https:\/\/cavagnolo.com\/en\/\",\"logo\":{\"@type\":\"ImageObject\",\"inLanguage\":\"en-US\",\"@id\":\"https:\/\/cavagnolo.com\/en\/#\/schema\/logo\/image\/\",\"url\":\"https:\/\/cavagnolo.com\/app\/uploads\/2017\/08\/logo.png\",\"contentUrl\":\"https:\/\/cavagnolo.com\/app\/uploads\/2017\/08\/logo.png\",\"width\":432,\"height\":59,\"caption\":\"Cavagnolo\"},\"image\":{\"@id\":\"https:\/\/cavagnolo.com\/en\/#\/schema\/logo\/image\/\"}}]}<\/script>\n<!-- \/ Yoast SEO plugin. -->","yoast_head_json":{"title":"Contact - Information request - Cavagnolo Accordions.","description":"Contact : A question about a model? A technical question? Need advice? Contact us! We will be happy to inform you. cavagnolo@cava-france.fr","robots":{"index":"index","follow":"follow","max-snippet":"max-snippet:-1","max-image-preview":"max-image-preview:large","max-video-preview":"max-video-preview:-1"},"canonical":"https:\/\/cavagnolo.com\/en\/contact\/","og_locale":"en_US","og_type":"article","og_title":"Contact - Information request - Cavagnolo Accordions.","og_description":"Contact : A question about a model? A technical question? Need advice? Contact us! We will be happy to inform you. cavagnolo@cava-france.fr","og_url":"https:\/\/cavagnolo.com\/en\/contact\/","og_site_name":"Accord\u00e9ons Cavagnolo","article_modified_time":"2020-05-24T16:00:49+00:00","twitter_card":"summary_large_image","schema":{"@context":"https:\/\/schema.org","@graph":[{"@type":"WebPage","@id":"https:\/\/cavagnolo.com\/en\/contact\/","url":"https:\/\/cavagnolo.com\/en\/contact\/","name":"Contact - Information request - Cavagnolo Accordions.","isPartOf":{"@id":"https:\/\/cavagnolo.com\/en\/#website"},"datePublished":"2017-08-24T19:51:54+00:00","dateModified":"2020-05-24T16:00:49+00:00","description":"Contact : A question about a model? A technical question? Need advice? Contact us! We will be happy to inform you. cavagnolo@cava-france.fr","breadcrumb":{"@id":"https:\/\/cavagnolo.com\/en\/contact\/#breadcrumb"},"inLanguage":"en-US","potentialAction":[{"@type":"ReadAction","target":["https:\/\/cavagnolo.com\/en\/contact\/"]}]},{"@type":"BreadcrumbList","@id":"https:\/\/cavagnolo.com\/en\/contact\/#breadcrumb","itemListElement":[{"@type":"ListItem","position":1,"name":"Home","item":"https:\/\/cavagnolo.com\/en\/accordeons-cavagnolo-2\/"},{"@type":"ListItem","position":2,"name":"Contact"}]},{"@type":"WebSite","@id":"https:\/\/cavagnolo.com\/en\/#website","url":"https:\/\/cavagnolo.com\/en\/","name":"Accord\u00e9ons Cavagnolo","description":"Accord\u00e9ons Acoustiques et Num\u00e9riques de qualit\u00e9","publisher":{"@id":"https:\/\/cavagnolo.com\/en\/#organization"},"potentialAction":[{"@type":"SearchAction","target":{"@type":"EntryPoint","urlTemplate":"https:\/\/cavagnolo.com\/en\/?s={search_term_string}"},"query-input":"required name=search_term_string"}],"inLanguage":"en-US"},{"@type":"Organization","@id":"https:\/\/cavagnolo.com\/en\/#organization","name":"Cavagnolo","url":"https:\/\/cavagnolo.com\/en\/","logo":{"@type":"ImageObject","inLanguage":"en-US","@id":"https:\/\/cavagnolo.com\/en\/#\/schema\/logo\/image\/","url":"https:\/\/cavagnolo.com\/app\/uploads\/2017\/08\/logo.png","contentUrl":"https:\/\/cavagnolo.com\/app\/uploads\/2017\/08\/logo.png","width":432,"height":59,"caption":"Cavagnolo"},"image":{"@id":"https:\/\/cavagnolo.com\/en\/#\/schema\/logo\/image\/"}}]}},"_links":{"self":[{"href":"https:\/\/cavagnolo.com\/en\/wp-json\/wp\/v2\/pages\/6327"}],"collection":[{"href":"https:\/\/cavagnolo.com\/en\/wp-json\/wp\/v2\/pages"}],"about":[{"href":"https:\/\/cavagnolo.com\/en\/wp-json\/wp\/v2\/types\/page"}],"author":[{"embeddable":true,"href":"https:\/\/cavagnolo.com\/en\/wp-json\/wp\/v2\/users\/1"}],"replies":[{"embeddable":true,"href":"https:\/\/cavagnolo.com\/en\/wp-json\/wp\/v2\/comments?post=6327"}],"version-history":[{"count":2,"href":"https:\/\/cavagnolo.com\/en\/wp-json\/wp\/v2\/pages\/6327\/revisions"}],"predecessor-version":[{"id":6484,"href":"https:\/\/cavagnolo.com\/en\/wp-json\/wp\/v2\/pages\/6327\/revisions\/6484"}],"wp:attachment":[{"href":"https:\/\/cavagnolo.com\/en\/wp-json\/wp\/v2\/media?parent=6327"}],"curies":[{"name":"wp","href":"https:\/\/api.w.org\/{rel}","templated":true}]}}